{"id":105,"date":"2018-11-04T06:38:02","date_gmt":"2018-11-04T05:38:02","guid":{"rendered":"http:\/\/localhost\/strandanger_medvall\/?page_id=105"},"modified":"2018-12-03T10:19:38","modified_gmt":"2018-12-03T09:19:38","slug":"kontakta-oss","status":"publish","type":"page","link":"https:\/\/strandangermedvall.se\/sv_SE\/kontakta-oss\/","title":{"rendered":"Kontakta oss"},"content":{"rendered":"<h2>Kontakta<br \/>\n Strand\u00e4nger &amp; Medvall<\/h2>\n<p>H\u00f6r av dig om du beh\u00f6ver mer information! Vi hj\u00e4lper dig g\u00e4rna! Antingen fyller du i kontaktformul\u00e4ret eller kontaktar n\u00e5gon av oss:<\/p>\n<p>E: <strong><a href=\"mai&#108;&#116;&#111;&#58;&#x7a;&#x65;&#x6e;&#x69;&#x74;&#x61;&#x40;str&#97;&#110;&#100;&#97;&#110;&#x67;&#x65;&#x72;&#x6d;&#x65;&#x64;vall&#46;&#115;&#101;\">z&#101;&#110;&#x69;&#x74;&#x61;&#64;&#115;&#116;&#x72;&#x61;&#x6e;da&#110;&#x67;&#x65;&#x72;me&#100;&#118;&#x61;&#x6c;&#x6c;&#46;&#115;&#101;<\/a><\/strong><br \/>M: <strong>+46 70-656 36 31<\/strong><\/p>\n<p>E: <strong><a href=\"mailto:monic&#97;&#64;&#115;&#116;&#114;&#97;&#110;&#100;&#97;&#110;&#103;&#101;&#114;&#109;&#101;&#x64;&#x76;&#x61;&#x6c;&#x6c;&#x2e;&#x73;&#x65;\">&#109;&#x6f;n&#105;&#x63;a&#64;&#x73;t&#114;&#x61;n&#100;&#x61;n&#103;&#x65;r&#109;&#x65;d&#118;&#x61;l&#108;&#x2e;s&#101;<\/a><\/strong><br \/>M: <strong>+46 70-639 90 90<\/strong><\/p>\n<p>\u00a0<\/p>\n<h3>F\u00f6retagsinformation<\/h3>\n<p>Organisationsnummer:\u00a0<strong>559169-8179<\/strong><\/p>\n<p>Adress: <strong>Strand\u00e4nger &amp; Medvall AB, Trappgr\u00e4nd 4D, 621 57 Visby<\/strong><\/p>\n<div class=\"clearFloating\">\n<p>Vi ser fram emot att h\u00f6ra av dig.<\/p>\n<p>\u00a0<\/p>\n<\/div>\n<h3><strong>Kontaktformul\u00e4r<\/strong><\/h3>\n\n<div class=\"wpcf7 no-js\" id=\"wpcf7-f111-o1\" lang=\"sv-SE\" dir=\"ltr\" data-wpcf7-id=\"111\">\n<div class=\"screen-reader-response\"><p role=\"status\" aria-live=\"polite\" aria-atomic=\"true\"><\/p> <ul><\/ul><\/div>\n<form action=\"\/sv_SE\/wp-json\/wp\/v2\/pages\/105#wpcf7-f111-o1\" method=\"post\" class=\"wpcf7-form init\" aria-label=\"Kontaktformul\u00e4r\" novalidate=\"novalidate\" data-status=\"init\">\n<div style=\"display: none;\">\n<input type=\"hidden\" name=\"_wpcf7\" value=\"111\" \/>\n<input type=\"hidden\" name=\"_wpcf7_version\" value=\"6.0.6\" \/>\n<input type=\"hidden\" name=\"_wpcf7_locale\" value=\"sv_SE\" \/>\n<input type=\"hidden\" name=\"_wpcf7_unit_tag\" value=\"wpcf7-f111-o1\" \/>\n<input type=\"hidden\" name=\"_wpcf7_container_post\" value=\"0\" \/>\n<input type=\"hidden\" name=\"_wpcf7_posted_data_hash\" value=\"\" \/>\n<\/div>\n<p><label> F\u00f6rnamn*<br \/>\n<span class=\"wpcf7-form-control-wrap\" data-name=\"your-first-name\"><input size=\"40\" maxlength=\"400\" class=\"wpcf7-form-control wpcf7-text wpcf7-validates-as-required\" aria-required=\"true\" aria-invalid=\"false\" value=\"\" type=\"text\" name=\"your-first-name\" \/><\/span> <\/label>\n<\/p>\n<p><label> Efternamn*<br \/>\n<span class=\"wpcf7-form-control-wrap\" data-name=\"your-last-name\"><input size=\"40\" maxlength=\"400\" class=\"wpcf7-form-control wpcf7-text wpcf7-validates-as-required\" aria-required=\"true\" aria-invalid=\"false\" value=\"\" type=\"text\" name=\"your-last-name\" \/><\/span> <\/label>\n<\/p>\n<p><label> E-postadress*<br \/>\n<span class=\"wpcf7-form-control-wrap\" data-name=\"your-email\"><input size=\"40\" maxlength=\"400\" class=\"wpcf7-form-control wpcf7-email wpcf7-validates-as-required wpcf7-text wpcf7-validates-as-email\" aria-required=\"true\" aria-invalid=\"false\" value=\"\" type=\"email\" name=\"your-email\" \/><\/span> <\/label>\n<\/p>\n<p><label> Telefon<br \/>\n<span class=\"wpcf7-form-control-wrap\" data-name=\"tel-18\"><input size=\"40\" maxlength=\"400\" class=\"wpcf7-form-control wpcf7-tel wpcf7-text wpcf7-validates-as-tel\" aria-invalid=\"false\" value=\"\" type=\"tel\" name=\"tel-18\" \/><\/span> <\/label>\n<\/p>\n<p><label> Meddelande<br \/>\n<span class=\"wpcf7-form-control-wrap\" data-name=\"your-message\"><textarea cols=\"40\" rows=\"10\" maxlength=\"2000\" class=\"wpcf7-form-control wpcf7-textarea\" aria-invalid=\"false\" name=\"your-message\"><\/textarea><\/span> <\/label>\n<\/p>\n<p><span class=\"wpcf7-form-control-wrap\" data-name=\"checkbox-59\"><span class=\"wpcf7-form-control wpcf7-checkbox wpcf7-validates-as-required\"><span class=\"wpcf7-list-item first last\"><input type=\"checkbox\" name=\"checkbox-59[]\" value=\"Jag samtycker till det som st\u00e5r i integritetspolicyn och bekr\u00e4ftar att mina personuppgifter f\u00e5r anv\u00e4ndas i enlighet med g\u00e4llande lag.*\" \/><span class=\"wpcf7-list-item-label\">Jag samtycker till det som st\u00e5r i integritetspolicyn och bekr\u00e4ftar att mina personuppgifter f\u00e5r anv\u00e4ndas i enlighet med g\u00e4llande lag.*<\/span><\/span><\/span><\/span>\n<\/p>\n<p>* Obligatoriska f\u00e4lt\n<\/p>\n<p><input class=\"wpcf7-form-control wpcf7-submit has-spinner\" type=\"submit\" value=\"Send\" \/>\n<\/p><p style=\"display: none !important;\"><label>&#916;<textarea name=\"_wpcf7_ak_hp_textarea\" cols=\"45\" rows=\"8\" maxlength=\"100\"><\/textarea><\/label><input type=\"hidden\" id=\"ak_js\" name=\"_wpcf7_ak_js\" value=\"117\"\/><script>document.getElementById( \"ak_js\" ).setAttribute( \"value\", ( new Date() ).getTime() );<\/script><\/p><div class=\"wpcf7-response-output\" aria-hidden=\"true\"><\/div>\n<\/form>\n<\/div>\n\n<p>L\u00e4sa v\u00e5r <a href=\"http:\/\/strandangermedvall.se\/sv_SE\/integritetspolicy\/\">integritetspolicyn<\/a>.<\/p>\n","protected":false},"excerpt":{"rendered":"<h2>Kontakta Strand\u00e4nger &amp; Medvall<\/h2>\n<p class=\"qua-blog-post-description\">H\u00f6r av dig om du beh\u00f6ver mer information! Vi hj\u00e4lper dig g\u00e4rna! Antingen fyller du i kontaktformul\u00e4ret eller kontaktar n\u00e5gon av oss:<\/p>\n<p class=\"qua-blog-post-description\">E: <strong><a href=\"&#109;a&#105;l&#116;o&#x3a;z&#x65;n&#x69;t&#x61;&#64;&#x73;t&#x72;a&#x6e;d&#x61;n&#x67;e&#x72;&#109;&#x65;&#100;&#x76;&#97;&#x6c;&#108;&#x2e;&#115;&#x65;\">zenita@s&#8230;<\/p>\n","protected":false},"author":2,"featured_media":731,"parent":0,"menu_order":0,"comment_status":"closed","ping_status":"closed","template":"","meta":{"_monsterinsights_skip_tracking":false,"_monsterinsights_sitenote_active":false,"_monsterinsights_sitenote_note":"","_monsterinsights_sitenote_category":0,"footnotes":""},"class_list":["post-105","page","type-page","status-publish","has-post-thumbnail","hentry"],"aioseo_notices":[],"_links":{"self":[{"href":"https:\/\/strandangermedvall.se\/sv_SE\/wp-json\/wp\/v2\/pages\/105","targetHints":{"allow":["GET"]}}],"collection":[{"href":"https:\/\/strandangermedvall.se\/sv_SE\/wp-json\/wp\/v2\/pages"}],"about":[{"href":"https:\/\/strandangermedvall.se\/sv_SE\/wp-json\/wp\/v2\/types\/page"}],"author":[{"embeddable":true,"href":"https:\/\/strandangermedvall.se\/sv_SE\/wp-json\/wp\/v2\/users\/2"}],"replies":[{"embeddable":true,"href":"https:\/\/strandangermedvall.se\/sv_SE\/wp-json\/wp\/v2\/comments?post=105"}],"version-history":[{"count":44,"href":"https:\/\/strandangermedvall.se\/sv_SE\/wp-json\/wp\/v2\/pages\/105\/revisions"}],"predecessor-version":[{"id":1140,"href":"https:\/\/strandangermedvall.se\/sv_SE\/wp-json\/wp\/v2\/pages\/105\/revisions\/1140"}],"wp:featuredmedia":[{"embeddable":true,"href":"https:\/\/strandangermedvall.se\/sv_SE\/wp-json\/wp\/v2\/media\/731"}],"wp:attachment":[{"href":"https:\/\/strandangermedvall.se\/sv_SE\/wp-json\/wp\/v2\/media?parent=105"}],"curies":[{"name":"wp","href":"https:\/\/api.w.org\/{rel}","templated":true}]}}