{"id":1404,"date":"2021-01-26T23:00:29","date_gmt":"2021-01-26T22:00:29","guid":{"rendered":"http:\/\/strandangermedvall.se\/?page_id=1404"},"modified":"2021-01-30T13:43:55","modified_gmt":"2021-01-30T12:43:55","slug":"xxx","status":"publish","type":"page","link":"https:\/\/strandangermedvall.se\/sv_SE\/","title":{"rendered":"Hem"},"content":{"rendered":"<h2>Vi brinner f\u00f6r h\u00e5llbarhet och spelansvar!<\/h2>\n<section class=\"twocol\">\n<div>Vi heter Zenita Strand\u00e4nger och Monica Medvall och har l\u00e5ng erfarenhet av att ha arbetat med h\u00e5llbarhets- och spelansvarsfr\u00e5gor i spelbranschen p\u00e5 strategisk och operativ niv\u00e5 samt erfarenhet att leda stora projekt. Genom \u00e5ren har vi skapat m\u00e5nga relationer, kommunicerat och bidragit starkt till att utveckla ansvarsarbetet i organisationer samt inom nationella och internationella arbetsgrupper. M\u00e5nga av er k\u00e4nner oss fr\u00e5n v\u00e5ra inflytelserika \u00e5r med Svenska Spel. Nu forts\u00e4tter vi kampen f\u00f6r en h\u00e5llbar spelmarknad genom att erbjuda v\u00e5ra tj\u00e4nster med <a title=\"Spelansvar\" href=\"http:\/\/strandangermedvall.se\/sv_SE\/spelansvar\/\">spelansvar<\/a> och <a title=\"H\u00e5llbarhet\" href=\"http:\/\/strandangermedvall.se\/sv_SE\/hallbarhet\/\">h\u00e5llbarhet<\/a> som r\u00e5dgivare till akt\u00f6rer inom spelbranschen och flera andra branscher. V\u00e5rt f\u00f6retag heter Strand\u00e4nger &#038; Medvall AB. I v\u00e5r styrelse ing\u00e5r v\u00e5r b\u00e4sta mentor <a href=\"http:\/\/strandangermedvall.se\/sv_SE\/om-oss#meg\">Meg Tiv\u00e9us<\/a>, styrelseproffs med erfarenhet fr\u00e5n spelbranschen bl a som VD f\u00f6r Svenska Spel. Vi \u00e4r b\u00e5da seniora konsulter och engagerar alltid medarbetare i utvecklingen. Detta f\u00f6r att f\u00e5 f\u00f6rankring och uppn\u00e5 ett effektivt och framg\u00e5ngsrikt utvecklingsarbete. V\u00e5r bredd och erfarenhet g\u00f6r att vi kan arbeta flexibelt och anpassat till olika verksamheter. Vi har beslutat att dela med oss av v\u00e5r expertis inom f\u00f6ljande omr\u00e5den:<\/p>\n<ul>\n<li>Statusanalyser och konkurrentanalyser<\/li>\n<li>Strategier och policies<\/li>\n<li>Identifiering av h\u00e5llbara utvecklingsm\u00e5l relaterade till aff\u00e4ren<\/li>\n<li>Intressent- och v\u00e4sentlighetsanalyser<\/li>\n<li>Utbildning och forskningsrelaterat ansvarfullt spelande<\/li>\n<li>Marknadsunders\u00f6kning samt kommunikation<\/li>\n<li>Certifiering<\/li>\n<\/ul>\n<p>L\u00e4s mer <a href=\"http:\/\/strandangermedvall.se\/sv_SE\/om-oss\/\">om oss<\/a>.<\/div>\n<div>\n<blockquote><p>Genom \u00e5ren har vi byggt upp och utvecklat spelansvar- och h\u00e5llbarhetsarbetet i Svenska Spel och med v\u00e5r kompetens starkt bidragit till h\u00e5llbarhetsomr\u00e5det i nationella och internationella arbetsgrupper<\/p><\/blockquote>\n<div class=\"home-sidebar\">\n<h2>\ud83d\udcad \u00a0 \u00a0 \u00a0 \ud83d\udc95<\/h2>\n<h4>&#8221;F\u00f6r att ha framg\u00e5ng i dagens aff\u00e4rsmilj\u00f6 m\u00e5ste du ha en kall hj\u00e4rna, varmt hj\u00e4rta och rena h\u00e4nder!&#8221;<\/h4>\n<h3>Vi vet hur&#8230; L\u00e4s mer p\u00e5 v\u00e5ra sidor<\/h3>\n<\/div>\n<\/div>\n<\/section>\n","protected":false},"excerpt":{"rendered":"<p class=\"qua-blog-post-description\">&#8230;<\/p>\n","protected":false},"author":2,"featured_media":0,"parent":0,"menu_order":0,"comment_status":"closed","ping_status":"closed","template":"template-business.php","meta":{"_monsterinsights_skip_tracking":false,"_monsterinsights_sitenote_active":false,"_monsterinsights_sitenote_note":"","_monsterinsights_sitenote_category":0,"footnotes":""},"class_list":["post-1404","page","type-page","status-publish","hentry"],"aioseo_notices":[],"_links":{"self":[{"href":"https:\/\/strandangermedvall.se\/sv_SE\/wp-json\/wp\/v2\/pages\/1404","targetHints":{"allow":["GET"]}}],"collection":[{"href":"https:\/\/strandangermedvall.se\/sv_SE\/wp-json\/wp\/v2\/pages"}],"about":[{"href":"https:\/\/strandangermedvall.se\/sv_SE\/wp-json\/wp\/v2\/types\/page"}],"author":[{"embeddable":true,"href":"https:\/\/strandangermedvall.se\/sv_SE\/wp-json\/wp\/v2\/users\/2"}],"replies":[{"embeddable":true,"href":"https:\/\/strandangermedvall.se\/sv_SE\/wp-json\/wp\/v2\/comments?post=1404"}],"version-history":[{"count":115,"href":"https:\/\/strandangermedvall.se\/sv_SE\/wp-json\/wp\/v2\/pages\/1404\/revisions"}],"predecessor-version":[{"id":1557,"href":"https:\/\/strandangermedvall.se\/sv_SE\/wp-json\/wp\/v2\/pages\/1404\/revisions\/1557"}],"wp:attachment":[{"href":"https:\/\/strandangermedvall.se\/sv_SE\/wp-json\/wp\/v2\/media?parent=1404"}],"curies":[{"name":"wp","href":"https:\/\/api.w.org\/{rel}","templated":true}]}}