{"id":171,"date":"2018-11-04T18:00:21","date_gmt":"2018-11-04T17:00:21","guid":{"rendered":"http:\/\/localhost\/strandanger_medvall\/?page_id=171"},"modified":"2021-01-30T11:54:45","modified_gmt":"2021-01-30T10:54:45","slug":"hallbarhet","status":"publish","type":"page","link":"https:\/\/strandangermedvall.se\/sv_SE\/hallbarhet\/","title":{"rendered":"H\u00e5llbarhet"},"content":{"rendered":"<h2>H\u00e5llbart<br \/>\n f\u00f6retagande \u00f6kar tillv\u00e4xten och bidrar till en b\u00e4ttre v\u00e4rld!<\/h2>\n<section class=\"twocol\">\n<div>\n<p>Ett h\u00e5llbart f\u00f6retagande \u00e4r ett f\u00f6retag d\u00e4r l\u00f6nsamhet, milj\u00f6h\u00e4nsyn och socialt engagemang f\u00f6renas. Det handlar om att minska f\u00f6retagets negativa p\u00e5verkan p\u00e5 v\u00e5r jord men ocks\u00e5 se p\u00e5 vilket s\u00e4tt f\u00f6retaget kan bidra positivt.<\/p>\n<p>Bilden beskriver hur man jobbar med dessa tre dimensioner och d\u00e4refter identifierar de globala m\u00e5len kopplade till just din verksamhet:<\/p>\n<blockquote><p>Vi \u00e4r \u00f6vertygade att det \u00e4r en konkurrensf\u00f6rdel och \u00e4ven bidrar till branschens anseende d\u00e5 kunder alltmer ifr\u00e5gas\u00e4tter och f\u00f6ruts\u00e4tter att f\u00f6retag arbetar med h\u00e5llbart f\u00f6retagande<\/p><\/blockquote>\n<p>H\u00e5llbarhet kan inneb\u00e4ra flera omr\u00e5den som aff\u00e4rsetik och antikorruption, m\u00e5ngfald och j\u00e4mst\u00e4lldhet, arbetsvillkor, m\u00e4nskliga r\u00e4ttigheter och milj\u00f6.<\/p>\n<p>Kan ditt f\u00f6retag f\u00e5 kontroll p\u00e5 vad, var samt vilken p\u00e5verkan din verksamhet har i en exekutiv handlingsplan s\u00e5 inneb\u00e4r det att kunderna v\u00e4ljer ditt f\u00f6retag, attraktivare arbetsgivare och d\u00e4rmed \u00f6kad tillv\u00e4xt.<\/p>\n<\/div>\n<div style=\"text-align: center;\"><img decoding=\"async\" class=\"size-full wp-image-184.\" src=\"http:\/\/strandangermedvall.se\/wp-content\/uploads\/Hallbarhetsmal.jpg\" alt=\"H\u00e5llbarhetsm\u00e5l: Biosf\u00e4r &gt; Samh\u00e4lle &gt; Economi\" width=\"100%\" height=\"auto\" srcset=\"https:\/\/strandangermedvall.se\/wp-content\/uploads\/Hallbarhetsmal.jpg 482w, https:\/\/strandangermedvall.se\/wp-content\/uploads\/Hallbarhetsmal-300x217.jpg 300w\" sizes=\"(max-width: 482px) 100vw, 482px\" \/>K\u00e4lla: www.globalamalen.se<br \/>\n<a class=\"ext\" href=\"http:\/\/strandangermedvall.se\/wp-content\/uploads\/HallbarhetsmalEnlarged.jpg\" rel=\"noopener\">F\u00f6rstora bild<\/a><\/div>\n<\/section>\n<p>&nbsp;<\/p>\n<h3>Hur st\u00e5r det till med ditt f\u00f6retags h\u00e5llbarhetsarbete?<\/h3>\n<section class=\"twocol\">\n<div>Exempel p\u00e5 fr\u00e5gest\u00e4llningar <span class=\"bigger\">\u27a0<\/span><\/div>\n<div class=\"bg-img\" style=\"background-image: linear-gradient(to bottom, rgba(255,255,255,0.8) 0%,rgba(255,255,255,0.8) 100%), url('http:\/\/strandangermedvall.se\/wp-content\/uploads\/SustainabilityResponsibleConsumption.jpg');\">\n<ul>\n<li>Vilka lagar ber\u00f6r mitt f\u00f6retag?<\/li>\n<li>Vet du var f\u00f6retaget har st\u00f6rst negativ p\u00e5verkan?<\/li>\n<li>Har du koll p\u00e5 f\u00f6retagets leverant\u00f6rsled?<\/li>\n<li>Har f\u00f6retaget en uppf\u00f6randekod och hur f\u00f6ljs den upp?<\/li>\n<li>Har ni dialog med intressenter och vet vilken k\u00e4nnedom de har om ert H\u00e5llbarhetsarbete?<\/li>\n<li>K\u00e4nner medarbetarna till f\u00f6retagets H\u00e5llbarhetsarbete?<\/li>\n<\/ul>\n<\/div>\n<\/section>\n<p>&nbsp;<\/p>\n<h2>Vi hj\u00e4lper till att identifiera f\u00f6rb\u00e4ttringar<\/h2>\n<section class=\"twocol\">\n<div>\n<p>Strand\u00e4nger &amp; Medvall erbjuder att hj\u00e4lpa till med att g\u00f6ra en kartl\u00e4ggning \/ nul\u00e4gesanalys f\u00f6r att kunna identifiera var eventuella gap finns eller ocks\u00e5 l\u00e4mna r\u00e5d till ert fortsatta arbete.<\/p>\n<p>Det kan t ex vara alla delar eller utvalda delar enligt f\u00f6ljande inneh\u00e5ll <span class=\"bigger\">\u27a0<\/span><\/p>\n<\/div>\n<div class=\"bg-img\" style=\"background-image: linear-gradient(to bottom, rgba(255,255,255,0.9) 0%,rgba(255,255,255,0.9) 100%), url('http:\/\/strandangermedvall.se\/wp-content\/uploads\/SustainabilityDecentWork.jpg');\">\n<ul>\n<li>Kartl\u00e4ggning \/ Riskanalys<\/li>\n<li>Strategi\/Policy<\/li>\n<li>Handlingsplan<\/li>\n<li>M\u00e5l, nyckeltal, uppf\u00f6ljning, analys<\/li>\n<li>Identifiering av globala m\u00e5l kopplat till verksamhet<\/li>\n<li>Intressent- och v\u00e4sentlighetsanalys<\/li>\n<li>Kommunikation<\/li>\n<li>Utbildning<\/li>\n<\/ul>\n<\/div>\n<\/section>\n<p>&nbsp;<\/p>\n<h2>Vi hj\u00e4lper till att utbilda spelbranschen och andra verksamheter<\/h2>\n<section class=\"twocol\">\n<div>\n<p>Vi erbjuder ocks\u00e5 h\u00e5llbarhetsutbildningar anpassat f\u00f6r s\u00e5v\u00e4l spelbranschen som andra verksamheter.<\/p>\n<blockquote><p>Alla kan bidra till en b\u00e4ttre v\u00e4rld b\u00e5de stort som sm\u00e5tt. Vi l\u00e4r er hur!<\/p><\/blockquote>\n<section class=\"twocol\">Exempel till inneh\u00e5ll <span class=\"bigger\">\u27a0<\/span><\/section>\n<\/div>\n<div class=\"bg-img\" style=\"background-image: linear-gradient(to bottom, rgba(255,255,255,0.9) 0%,rgba(255,255,255,0.9) 100%), url('http:\/\/strandangermedvall.se\/wp-content\/uploads\/SustainabilityClimateAction.jpg');\">\n<ul>\n<li>Omv\u00e4rld\/Trender<\/li>\n<li>Vad \u00e4r H\u00e5llbar utveckling?<\/li>\n<li>H\u00e5llbarhetsperspektiven\n<ul>\n<li>3 dimensioner<\/li>\n<li>7-8 h\u00e5llbarhetsomr\u00e5den<\/li>\n<li>Agenda 2030, Globala m\u00e5len<\/li>\n<li>Milj\u00f6m\u00e5len<\/li>\n<\/ul>\n<\/li>\n<li>Vad beh\u00f6ver\/kan vi ta h\u00e4nsyn\/hj\u00e4lp av?\n<ul>\n<li>Aktuell lag<\/li>\n<li>Policy\/riktlinjer<\/li>\n<li>Styrdokument<\/li>\n<li>Standarder<\/li>\n<\/ul>\n<\/li>\n<li>Intressent och v\u00e4sentlighetsanalys<\/li>\n<li>M\u00e5l\/KPI\/Uppf\u00f6ljning<\/li>\n<li>Handlingsplan<\/li>\n<\/ul>\n<\/div>\n<\/section>\n","protected":false},"excerpt":{"rendered":"<h2>H\u00e5llbart f\u00f6retagande \u00f6kar tillv\u00e4xten och bidrar till en b\u00e4ttre v\u00e4rld!<\/h2>\n<section class=\"twocol\">\n<div>\n<p class=\"qua-blog-post-description\">Ett h\u00e5llbart f\u00f6retagande \u00e4r ett f\u00f6retag d\u00e4r l\u00f6nsamhet, milj\u00f6h\u00e4nsyn och socialt engagemang f\u00f6renas. Det handlar om att minska f\u00f6retagets&#8230;<\/p>\n","protected":false},"author":2,"featured_media":729,"parent":0,"menu_order":0,"comment_status":"closed","ping_status":"closed","template":"full-width.php","meta":{"_monsterinsights_skip_tracking":false,"_monsterinsights_sitenote_active":false,"_monsterinsights_sitenote_note":"","_monsterinsights_sitenote_category":0,"footnotes":""},"class_list":["post-171","page","type-page","status-publish","has-post-thumbnail","hentry"],"aioseo_notices":[],"_links":{"self":[{"href":"https:\/\/strandangermedvall.se\/sv_SE\/wp-json\/wp\/v2\/pages\/171","targetHints":{"allow":["GET"]}}],"collection":[{"href":"https:\/\/strandangermedvall.se\/sv_SE\/wp-json\/wp\/v2\/pages"}],"about":[{"href":"https:\/\/strandangermedvall.se\/sv_SE\/wp-json\/wp\/v2\/types\/page"}],"author":[{"embeddable":true,"href":"https:\/\/strandangermedvall.se\/sv_SE\/wp-json\/wp\/v2\/users\/2"}],"replies":[{"embeddable":true,"href":"https:\/\/strandangermedvall.se\/sv_SE\/wp-json\/wp\/v2\/comments?post=171"}],"version-history":[{"count":169,"href":"https:\/\/strandangermedvall.se\/sv_SE\/wp-json\/wp\/v2\/pages\/171\/revisions"}],"predecessor-version":[{"id":1505,"href":"https:\/\/strandangermedvall.se\/sv_SE\/wp-json\/wp\/v2\/pages\/171\/revisions\/1505"}],"wp:featuredmedia":[{"embeddable":true,"href":"https:\/\/strandangermedvall.se\/sv_SE\/wp-json\/wp\/v2\/media\/729"}],"wp:attachment":[{"href":"https:\/\/strandangermedvall.se\/sv_SE\/wp-json\/wp\/v2\/media?parent=171"}],"curies":[{"name":"wp","href":"https:\/\/api.w.org\/{rel}","templated":true}]}}