{"id":19,"date":"2021-01-18T11:39:32","date_gmt":"2021-01-18T10:39:32","guid":{"rendered":"http:\/\/localhost\/strandanger_medvall\/?page_id=19"},"modified":"2021-01-23T12:16:43","modified_gmt":"2021-01-23T11:16:43","slug":"om-oss","status":"publish","type":"page","link":"https:\/\/strandangermedvall.se\/sv_SE\/om-oss\/","title":{"rendered":"Om oss"},"content":{"rendered":"<section\n class=\"twocol\"><\/p>\n<div>\n<p>Vi har l\u00e5ng erfarenhet av h\u00e5llbarhets- och spelansvarsarbete p\u00e5 strategisk och operativ niv\u00e5. Strand\u00e4nger &amp; Medvall AB arbetar med r\u00e5dgivning inom <a title=\"H\u00e5llbarhet\" href=\"http:\/\/strandangermedvall.se\/sv_SE\/hallbarhet\/\">h\u00e5llbarhet<\/a> och <a title=\"Spelansvar\" href=\"http:\/\/strandangermedvall.se\/sv_SE\/spelansvar\/\">spelansvar<\/a>. L\u00e4s mera om v\u00e5r erfarenhet och kunskap:<\/p>\n<\/div>\n<div>\n<blockquote><p>Genom \u00e5ren har vi byggt upp och utvecklat spelansvar- och h\u00e5llbarhetsarbetet i flera spelbolag och andra branscher.&nbsp; Vi har ocks\u00e5 med v\u00e5r kompetens starkt bidragit till spelansvars- och h\u00e5llbarhetsomr\u00e5det i nationella och internationella arbetsgrupper.<\/p><\/blockquote>\n<\/div>\n<\/section>\n<h2>Erfarenhet\/Uppdrag<\/h2>\n<section\n class=\"twocol\"><\/p>\n<div>\n<div id=\"attachment_515\" style=\"width: 231px\" class=\"wp-caption alignleft\"><img loading=\"lazy\" decoding=\"async\" aria-describedby=\"caption-attachment-515\" class=\"size-full wp-image-515\" src=\"http:\/\/strandangermedvall.se\/wp-content\/uploads\/Zenita.jpg\" alt=\"Zenita Strand\u00e4nger\" width=\"221\" height=\"221\" srcset=\"https:\/\/strandangermedvall.se\/wp-content\/uploads\/Zenita.jpg 221w, https:\/\/strandangermedvall.se\/wp-content\/uploads\/Zenita-150x150.jpg 150w\" sizes=\"auto, (max-width: 221px) 100vw, 221px\" \/><p id=\"caption-attachment-515\" class=\"wp-caption-text\">Zenita Strand\u00e4nger<\/p><\/div>\n<p>Zenita har under de senaste tio \u00e5ren varit h\u00e5llbarhetschef samt varit tillf\u00f6rordnad kommunikationschef under 2013. D\u00e4rut\u00f6ver haft chefspositioner inom s\u00e4ljavdelningar och utbildning f\u00f6r ombuden p\u00e5 Svenska Spel. D\u00e4rut\u00f6ver har hon \u00e4ven varit ordf\u00f6rande f\u00f6r SPER (Spelmarknadens Riksorganisation), styrelseledamot i CSR Sweden samt startat n\u00e4tverket H\u00e5llbara Gotland d\u00e4r hon \u00e4r ordf\u00f6rande.<\/p>\n<p>L\u00e4s g\u00e4rna mer p\u00e5: <a class=\"img_ext\" title=\"https:\/\/www.linkedin.com\/in\/strand\u00e4nger-zenita-87842615\/\" href=\"https:\/\/www.linkedin.com\/in\/strand\u00e4nger-zenita-87842615\/\"><img loading=\"lazy\" decoding=\"async\" class=\"alignright size-full wp-image-89\" style=\"padding-left: 10px;\" src=\"http:\/\/strandangermedvall.se\/wp-content\/uploads\/LinkedIn.png\" alt=\"Link till LinkedIn f\u00f6r Zenita Strand\u00e4nger\" width=\"100\" height=\"27\"\/><\/a><\/p>\n<\/div>\n<div><a class=\"twitter-timeline\" href=\"https:\/\/twitter.com\/ZStrandnger?ref_src=twsrc%5Etfw\" data-chrome=\"\u201cnofooter\" data-link-color=\"#00A7D1\" data-height=\"450\">Tweets av ZStrandnger<\/a> <script async=\"\" src=\"https:\/\/platform.twitter.com\/widgets.js\" charset=\"utf-8\"><\/script><\/div>\n<\/section>\n<hr \/>\n<section\n class=\"twocol\"><\/p>\n<div>\n<div id=\"attachment_77\" style=\"width: 231px\" class=\"wp-caption alignright\"><img loading=\"lazy\" decoding=\"async\" aria-describedby=\"caption-attachment-77\" class=\"size-full wp-image-77\" src=\"http:\/\/strandangermedvall.se\/wp-content\/uploads\/Monica.jpg\" alt=\"Monica Medvall\" width=\"221\" height=\"221\" srcset=\"https:\/\/strandangermedvall.se\/wp-content\/uploads\/Monica.jpg 221w, https:\/\/strandangermedvall.se\/wp-content\/uploads\/Monica-150x150.jpg 150w\" sizes=\"auto, (max-width: 221px) 100vw, 221px\" \/><p id=\"caption-attachment-77\" class=\"wp-caption-text\">Monica Medvall<\/p><\/div>\n<p>Monica har under de senaste sex \u00e5ren arbetat med CSR-strategi och internationella relationer, varav tillf\u00f6rordnad h\u00e5llbarhetschef 2013. Hon har varit ansvarig f\u00f6r avdelningen omv\u00e4rlds- och marknadsanalys under fem \u00e5r.Hon var med och startade upp det internationella aff\u00e4rsomr\u00e5det inom Svenska Spel. Ing\u00e5tt i SPERs (Spelmarknadens Riksorganisation) spelansvarsgrupp samt varit medlem i European Lotteries CSR and Responsible Gaming Working Group under flera \u00e5r och medverkat till att ta fram branschens f\u00f6rsta CSR guidelines.<\/p>\n<p>L\u00e4s g\u00e4rna mer p\u00e5:<a class=\"img_ext\" title=\"https:\/\/www.linkedin.com\/in\/monica-medvall-73b9b54\/\" href=\"https:\/\/www.linkedin.com\/in\/monica-medvall-73b9b54\/\"><img loading=\"lazy\" decoding=\"async\" class=\"alignright size-full wp-image-89\" style=\"padding-left: 10px;\" src=\"http:\/\/strandangermedvall.se\/wp-content\/uploads\/LinkedIn.png\" alt=\"Link till LinkedIn f\u00f6r Monica Medvall\" width=\"100\" height=\"27\"\/><\/a><\/p>\n<\/div>\n<div><a class=\"twitter-timeline\" href=\"https:\/\/twitter.com\/monica5557?ref_src=twsrc%5Etfw\" data-chrome=\"\u201cnofooter\" data-link-color=\"#00A7D1\" data-height=\"450\">Tweets av monica5557<\/a> <script async=\"\" src=\"https:\/\/platform.twitter.com\/widgets.js\" charset=\"utf-8\"><\/script><\/div>\n<\/section>\n<hr \/>\n<section\n class=\"twocol\"><\/p>\n<div id=\"meg\">\n<div id=\"attachment_76\" style=\"width: 183px\" class=\"wp-caption alignleft\"><img loading=\"lazy\" decoding=\"async\" aria-describedby=\"caption-attachment-76\" class=\"size-full wp-image-76\" src=\"http:\/\/strandangermedvall.se\/wp-content\/uploads\/Meg.jpg\" alt=\"Meg Tiv\u00e9us\" width=\"173\" height=\"171\"\/><p id=\"caption-attachment-76\" class=\"wp-caption-text\">Meg Tiv\u00e9us<\/p><\/div>\n<p>I v\u00e5r styrelse ing\u00e5r Meg Tiv\u00e9us (numera styrelseproffs och bl a erfarenhet fr\u00e5n spelbranschen som f.d. vd Svenska Spel) Hon bidrar med r\u00e5d och st\u00f6d och \u00e4r v\u00e5r b\u00e4sta mentor.L\u00e4s g\u00e4rna mer p\u00e5:<a class=\"img_ext\" title=\"http:\/\/www.linkedin.com\/in\/meg-tiveus-991ab69\/\" href=\"http:\/\/www.linkedin.com\/in\/meg-tiveus-991ab69\/\"><img loading=\"lazy\" decoding=\"async\" class=\"alignright size-full wp-image-89\" style=\"padding-left: 10px;\" src=\"http:\/\/strandangermedvall.se\/wp-content\/uploads\/LinkedIn.png\" alt=\"Link till LinkedIn f\u00f6r Meg Tiv\u00e9us\" width=\"100\" height=\"27\"\/><\/a><\/p>\n<\/div>\n<div>\n<h5>Firefox<\/h5>\n<p><em><span id=\"firefox_text\">Twitter feeds inte visas i Firefox? Bes\u00f6ka<\/span> <a class=\"ext\" href=\"https:\/\/support.mozilla.org\/en-US\/kb\/content-blocking#w_turn-content-blocking-off-on-individual-sites\">https:\/\/mzl.la\/2BvWN5t<\/a><\/em><\/p>\n<\/div>\n<\/section>\n","protected":false},"excerpt":{"rendered":"<section class=\"twocol\">\n<div>\n<p class=\"qua-blog-post-description\">Vi har l\u00e5ng erfarenhet av h\u00e5llbarhets- och spelansvarsarbete p\u00e5 strategisk och operativ niv\u00e5. Strand\u00e4nger &amp; Medvall AB arbetar med r\u00e5dgivning inom <a title=\"H\u00e5llbarhet\" href=\"http:\/\/strandangermedvall.se\/sv_SE\/hall...\n<\/p>\n","protected":false},"author":2,"featured_media":736,"parent":0,"menu_order":0,"comment_status":"closed","ping_status":"closed","template":"full-width.php","meta":{"_monsterinsights_skip_tracking":false,"_monsterinsights_sitenote_active":false,"_monsterinsights_sitenote_note":"","_monsterinsights_sitenote_category":0,"footnotes":""},"class_list":["post-19","page","type-page","status-publish","has-post-thumbnail","hentry"],"aioseo_notices":[],"_links":{"self":[{"href":"https:\/\/strandangermedvall.se\/sv_SE\/wp-json\/wp\/v2\/pages\/19","targetHints":{"allow":["GET"]}}],"collection":[{"href":"https:\/\/strandangermedvall.se\/sv_SE\/wp-json\/wp\/v2\/pages"}],"about":[{"href":"https:\/\/strandangermedvall.se\/sv_SE\/wp-json\/wp\/v2\/types\/page"}],"author":[{"embeddable":true,"href":"https:\/\/strandangermedvall.se\/sv_SE\/wp-json\/wp\/v2\/users\/2"}],"replies":[{"embeddable":true,"href":"https:\/\/strandangermedvall.se\/sv_SE\/wp-json\/wp\/v2\/comments?post=19"}],"version-history":[{"count":115,"href":"https:\/\/strandangermedvall.se\/sv_SE\/wp-json\/wp\/v2\/pages\/19\/revisions"}],"predecessor-version":[{"id":1231,"href":"https:\/\/strandangermedvall.se\/sv_SE\/wp-json\/wp\/v2\/pages\/19\/revisions\/1231"}],"wp:featuredmedia":[{"embeddable":true,"href":"https:\/\/strandangermedvall.se\/sv_SE\/wp-json\/wp\/v2\/media\/736"}],"wp:attachment":[{"href":"https:\/\/strandangermedvall.se\/sv_SE\/wp-json\/wp\/v2\/media?parent=19"}],"curies":[{"name":"wp","href":"https:\/\/api.w.org\/{rel}","templated":true}]}}