{"id":22,"date":"2018-11-02T17:42:33","date_gmt":"2018-11-02T16:42:33","guid":{"rendered":"http:\/\/localhost\/strandanger_medvall\/?page_id=22"},"modified":"2021-02-13T14:47:47","modified_gmt":"2021-02-13T13:47:47","slug":"referenser","status":"publish","type":"page","link":"https:\/\/strandangermedvall.se\/sv_SE\/referenser\/","title":{"rendered":"Referenser"},"content":{"rendered":"<h3>Deltagande<br \/>\n i internationella spelkonferenser och kongresser<\/h3>\n<p>Under flera \u00e5r har vi presenterat b\u00e5de spelansvar och h\u00e5llbarhet p\u00e5 konferenser och kongresser arrangerade av World Lottery Association, European Lotteries samt PAF.<\/p>\n<section class=\"twocol\">\n<div>\n<div id=\"attachment_113\" style=\"width: 310px\" class=\"wp-caption aligncenter\"><img decoding=\"async\" aria-describedby=\"caption-attachment-113\" class=\" wp-image-113 aligncenter\" title=\"\" src=\"http:\/\/strandangermedvall.se\/wp-content\/uploads\/ZenitaReferenser1-300x210.jpg\" alt=\"Zenita Strand\u00e4nger\" width=\"300\" height=\"auto\" srcset=\"https:\/\/strandangermedvall.se\/wp-content\/uploads\/ZenitaReferenser1-300x210.jpg 300w, https:\/\/strandangermedvall.se\/wp-content\/uploads\/ZenitaReferenser1.jpg 382w\" sizes=\"(max-width: 300px) 100vw, 300px\" \/><p id=\"caption-attachment-113\" class=\"wp-caption-text\">Zenita Strand\u00e4nger<\/p><\/div>\n<p>Zenita presenterade Svenska Spels arbete med J\u00e4mst\u00e4lldhet p\u00e5 European Lotteries CSR \/ Responsible Gaming Seminar, Madrid 2017.<\/p>\n<\/div>\n<div>\n<div id=\"attachment_127\" style=\"width: 233px\" class=\"wp-caption aligncenter\"><img decoding=\"async\" aria-describedby=\"caption-attachment-127\" class=\" wp-image-127 aligncenter\" title=\"\" src=\"http:\/\/strandangermedvall.se\/wp-content\/uploads\/MonicaReferenser1-223x300.jpg\" alt=\"Monica Medvall\" width=\"223\" height=\"auto\" srcset=\"https:\/\/strandangermedvall.se\/wp-content\/uploads\/MonicaReferenser1-223x300.jpg 223w, https:\/\/strandangermedvall.se\/wp-content\/uploads\/MonicaReferenser1.jpg 334w\" sizes=\"(max-width: 223px) 100vw, 223px\" \/><p id=\"caption-attachment-127\" class=\"wp-caption-text\">Monica Medvall<\/p><\/div>\n<p>Monica presenterade Svenska Spels arbete med de Globala m\u00e5len vid European Lotteries CSR \/ Responsible Gaming Seminar, Lissabon 2018.<\/p>\n<\/div>\n<\/section>\n<section class=\"centerrowitems\" style=\"margin-top: 20px;\"><a href=\"https:\/\/www.world-lotteries.org\/\"><img loading=\"lazy\" decoding=\"async\" class=\"alignleft wp-image-55\" src=\"http:\/\/strandangermedvall.se\/wp-content\/uploads\/wla.png\" alt=\"World Lottery Association\" width=\"93\" height=\"46\" \/><\/a><img loading=\"lazy\" decoding=\"async\" class=\"alignnone wp-image-39\" src=\"http:\/\/strandangermedvall.se\/wp-content\/uploads\/aelte-logo.png\" alt=\"The European Lotteries\" width=\"66\" height=\"66\" srcset=\"https:\/\/strandangermedvall.se\/wp-content\/uploads\/aelte-logo.png 160w, https:\/\/strandangermedvall.se\/wp-content\/uploads\/aelte-logo-150x150.png 150w\" sizes=\"auto, (max-width: 66px) 100vw, 66px\" \/><img loading=\"lazy\" decoding=\"async\" class=\"alignnone wp-image-52\" src=\"http:\/\/strandangermedvall.se\/wp-content\/uploads\/paf.jpg\" alt=\"PAF\" width=\"110\" height=\"47\" \/><\/section>\n<h3 style=\"margin-top: 40px;\">The Swedish Gambling Award 21 March 2019<\/h3>\n<p>Stolta och glada pristagare i kategorin H\u00e5llbart Ledarskap. Vi tackar juryn och spelbranschen och sj\u00e4lvklart kommer vi att forts\u00e4tta bidra till en h\u00e5llbar spelmarknad!<\/p>\n<p>L\u00e4s <a class=\"ext\" title=\"https:\/\/bit.ly\/2JIzsDH\" href=\"https:\/\/bit.ly\/2JIzsDH\" target=\"blank\" rel=\"noopener\">juryns motivering<\/a>.<\/p>\n<p><img loading=\"lazy\" decoding=\"async\" class=\"wp-image-1150 aligncenter\" title=\"\" src=\"http:\/\/strandangermedvall.se\/wp-content\/uploads\/Vinnare-Swedish-Gambling-Award-20190321-300x225.jpg\" alt=\"\" width=\"300\" height=\"225\" srcset=\"https:\/\/strandangermedvall.se\/wp-content\/uploads\/Vinnare-Swedish-Gambling-Award-20190321-300x225.jpg 300w, https:\/\/strandangermedvall.se\/wp-content\/uploads\/Vinnare-Swedish-Gambling-Award-20190321-768x576.jpg 768w, https:\/\/strandangermedvall.se\/wp-content\/uploads\/Vinnare-Swedish-Gambling-Award-20190321.jpg 960w\" sizes=\"auto, (max-width: 300px) 100vw, 300px\" \/><\/p>\n<h3 style=\"margin-top: 40px;\">V\u00e5ra kunder<\/h3>\n<p>Vi \u00e4r stolta samarbetspartners till <a class=\"ext\" href=\"https:\/\/www.pollardbanknote.com\/\">Pollard Banknote,<\/a>\u00a0Kanada, <a class=\"ext\" href=\"https:\/\/www.atg.se\/\">ATG (AB Trav &amp; Galopp)\u00a0<\/a>\u00a0Stockholm och <a class=\"ext\" href=\"https:\/\/wisbystrand.se\/\">Wisby Strand<\/a>, <a class=\"ext\" href=\"https:\/\/imsevimse.se\/\">ImseVimse<\/a>, <a class=\"ext\" href=\"https:\/\/kneippbyn.se\/\">Kneippbyn<\/a>, <a class=\"ext\" href=\"https:\/\/scienceparkgotland.se\/\">Science Park Gotland<\/a>, Visby. En bra geografisk spridning av v\u00e5ra uppdrag.<\/p>\n<section class=\"centerrowitems\"><a href=\"http:\/\/www.pollardbanknote.com\/\"><img loading=\"lazy\" decoding=\"async\" class=\"wp-image-1151 alignleft\" src=\"http:\/\/strandangermedvall.se\/wp-content\/uploads\/Pollard-Logo-534-300x300.jpg\" alt=\"\" width=\"109\" height=\"109\" srcset=\"https:\/\/strandangermedvall.se\/wp-content\/uploads\/Pollard-Logo-534-300x300.jpg 300w, https:\/\/strandangermedvall.se\/wp-content\/uploads\/Pollard-Logo-534-150x150.jpg 150w, https:\/\/strandangermedvall.se\/wp-content\/uploads\/Pollard-Logo-534.jpg 640w\" sizes=\"auto, (max-width: 109px) 100vw, 109px\" \/><\/a>\u00a0 \u00a0<a title=\"\" href=\"https:\/\/www.atg.se\/\"><img loading=\"lazy\" decoding=\"async\" class=\"alignnone wp-image-1152\" title=\"\" src=\"http:\/\/strandangermedvall.se\/wp-content\/uploads\/atg-300x162.jpg\" alt=\"\" width=\"204\" height=\"110\" srcset=\"https:\/\/strandangermedvall.se\/wp-content\/uploads\/atg-300x162.jpg 300w, https:\/\/strandangermedvall.se\/wp-content\/uploads\/atg.jpg 305w\" sizes=\"auto, (max-width: 204px) 100vw, 204px\" \/><\/a>\u00a0 \u00a0<a href=\"https:\/\/wisbystrand.se\/\"><img loading=\"lazy\" decoding=\"async\" class=\"alignnone wp-image-1153\" title=\"\" src=\"http:\/\/strandangermedvall.se\/wp-content\/uploads\/WS-300x240.png\" alt=\"\" width=\"121\" height=\"97\" srcset=\"https:\/\/strandangermedvall.se\/wp-content\/uploads\/WS-300x240.png 300w, https:\/\/strandangermedvall.se\/wp-content\/uploads\/WS-768x614.png 768w, https:\/\/strandangermedvall.se\/wp-content\/uploads\/WS.png 1000w\" sizes=\"auto, (max-width: 121px) 100vw, 121px\" \/><\/a>\u00a0 \u00a0<a title=\"\" href=\"https:\/\/www.imsevimse.se\/\"><img loading=\"lazy\" decoding=\"async\" class=\"alignleft size-full wp-image-1210\" src=\"http:\/\/strandangermedvall.se\/wp-content\/uploads\/logo.jpg\" alt=\"Imse Vimsy\" width=\"297\" height=\"63\" \/><\/a><\/section>\n<section class=\"centerrowitems\"><a title=\"\" href=\"https:\/\/www.kneippbyn.se\/\"><img loading=\"lazy\" decoding=\"async\" class=\"alignleft size-full wp-image-1209\" src=\"http:\/\/strandangermedvall.se\/wp-content\/uploads\/loggo.jpg\" alt=\"Kneippbyn\" width=\"204\" height=\"68\" \/><\/a>\u00a0 \u00a0<a href=\"https:\/\/www.scienceparkgotland.se\/\"><img loading=\"lazy\" decoding=\"async\" class=\"alignleft size-medium wp-image-1211\" title=\"\" src=\"http:\/\/strandangermedvall.se\/wp-content\/uploads\/logo-300x54.png\" alt=\"Science Park Gotland\" width=\"300\" height=\"54\" srcset=\"https:\/\/strandangermedvall.se\/wp-content\/uploads\/logo-300x54.png 300w, https:\/\/strandangermedvall.se\/wp-content\/uploads\/logo.png 536w\" sizes=\"auto, (max-width: 300px) 100vw, 300px\" \/><\/a><\/section>\n<section>\n<h3 style=\"margin-top: 40px;\">V\u00e5ra samarbetspartners<\/h3>\n<p>Sedan 2019 \u00e4r \u00a0<a class=\"ext\" href=\"https:\/\/sustainablegambling.se\/news\/2019\/6\/05\/strandanger-and-medvall\">Sustainable Interaction<\/a> och Strand\u00e4nger &amp; Medvall partners\u00a0<span class=\"JLqJ4b ChMk0b\" data-language-for-alternatives=\"sv\" data-language-to-translate-into=\"tr\" data-phrase-index=\"0\">och vi delar ett stort globalt n\u00e4tverk och arbetar med n\u00e5gra av de st\u00f6rsta talangerna och toppexperterna inom h\u00e5llbarhet och ansvarsfullt spelande.<\/span><\/p>\n<p>Vi \u00e4r spelansvarspartner till <a class=\"ext\" href=\"https:\/\/sper.se\/samarbetspartners\/\">SPER<\/a> (The Swedish Gambling Association).<\/p>\n<p>Under 2019 samarbetade vi med <a class=\"ext\" href=\"https:\/\/www.sustainablegamblingacademy.com\/\">Sustainable Gambling Academy<\/a> i samband med utbildningen CSR.\u00a0 Den f\u00f6rsta diplomerade h\u00f6gskoleutbildningen CSR f\u00f6r spelbranschen kopplad till f\u00f6retagsekonomi och ledning.<\/p>\n<p>&nbsp;<\/p>\n<section class=\"centerrowitems\">\n<a title=\"\" href=\"https:\/\/sper.se\/\"><img loading=\"lazy\" decoding=\"async\" class=\"alignleft wp-image-1214\" src=\"http:\/\/strandangermedvall.se\/wp-content\/uploads\/logo-3.jpg\" alt=\"SPER\" width=\"273\" height=\"107\" \/><\/a><\/section>\n<section class=\"centerrowitems\"><a title=\"\" href=\"https:\/\/www.sustainableinteraction.se\/svenska\"><img loading=\"lazy\" decoding=\"async\" class=\"alignleft wp-image-1567\" title=\"\" src=\"http:\/\/strandangermedvall.se\/wp-content\/uploads\/SustainableInteraction-300x109.jpg\" alt=\"Sustainable Interaction\" width=\"300\" height=\"109\" srcset=\"https:\/\/strandangermedvall.se\/wp-content\/uploads\/SustainableInteraction-300x109.jpg 300w, https:\/\/strandangermedvall.se\/wp-content\/uploads\/SustainableInteraction.jpg 450w\" sizes=\"auto, (max-width: 300px) 100vw, 300px\" \/><\/a><\/section>\n<section class=\"centerrowitems\"><a title=\"\" href=\"https:\/\/www.sustainablegamblingacademy.com\/\"><img loading=\"lazy\" decoding=\"async\" class=\"alignleft wp-image-1572\" src=\"http:\/\/strandangermedvall.se\/wp-content\/uploads\/SustainableGamblingAcademy-300x31.jpg\" alt=\"Sustainable Gambling Academy\" width=\"300\" height=\"31\" srcset=\"https:\/\/strandangermedvall.se\/wp-content\/uploads\/SustainableGamblingAcademy-300x31.jpg 300w, https:\/\/strandangermedvall.se\/wp-content\/uploads\/SustainableGamblingAcademy.jpg 450w\" sizes=\"auto, (max-width: 300px) 100vw, 300px\" \/><\/a><\/section>\n<\/section>\n","protected":false},"excerpt":{"rendered":"<h3>Deltagande i internationella spelkonferenser och kongresser<\/h3>\n<p class=\"qua-blog-post-description\">Under flera \u00e5r har vi presenterat b\u00e5de spelansvar och h\u00e5llbarhet p\u00e5 konferenser och kongresser arrangerade av World Lottery Association, European Lotteries samt PAF.<\/p>\n<section class... \n\n","protected":false},"author":2,"featured_media":735,"parent":0,"menu_order":0,"comment_status":"closed","ping_status":"closed","template":"","meta":{"_monsterinsights_skip_tracking":false,"_monsterinsights_sitenote_active":false,"_monsterinsights_sitenote_note":"","_monsterinsights_sitenote_category":0,"footnotes":""},"class_list":["post-22","page","type-page","status-publish","has-post-thumbnail","hentry"],"aioseo_notices":[],"_links":{"self":[{"href":"https:\/\/strandangermedvall.se\/sv_SE\/wp-json\/wp\/v2\/pages\/22","targetHints":{"allow":["GET"]}}],"collection":[{"href":"https:\/\/strandangermedvall.se\/sv_SE\/wp-json\/wp\/v2\/pages"}],"about":[{"href":"https:\/\/strandangermedvall.se\/sv_SE\/wp-json\/wp\/v2\/types\/page"}],"author":[{"embeddable":true,"href":"https:\/\/strandangermedvall.se\/sv_SE\/wp-json\/wp\/v2\/users\/2"}],"replies":[{"embeddable":true,"href":"https:\/\/strandangermedvall.se\/sv_SE\/wp-json\/wp\/v2\/comments?post=22"}],"version-history":[{"count":143,"href":"https:\/\/strandangermedvall.se\/sv_SE\/wp-json\/wp\/v2\/pages\/22\/revisions"}],"predecessor-version":[{"id":1601,"href":"https:\/\/strandangermedvall.se\/sv_SE\/wp-json\/wp\/v2\/pages\/22\/revisions\/1601"}],"wp:featuredmedia":[{"embeddable":true,"href":"https:\/\/strandangermedvall.se\/sv_SE\/wp-json\/wp\/v2\/media\/735"}],"wp:attachment":[{"href":"https:\/\/strandangermedvall.se\/sv_SE\/wp-json\/wp\/v2\/media?parent=22"}],"curies":[{"name":"wp","href":"https:\/\/api.w.org\/{rel}","templated":true}]}}