{"id":231,"date":"2018-11-05T04:15:30","date_gmt":"2018-11-05T03:15:30","guid":{"rendered":"http:\/\/localhost\/strandanger_medvall\/?page_id=231"},"modified":"2018-12-08T17:28:29","modified_gmt":"2018-12-08T16:28:29","slug":"spelansvar","status":"publish","type":"page","link":"https:\/\/strandangermedvall.se\/sv_SE\/spelansvar\/","title":{"rendered":"Spelansvar"},"content":{"rendered":"<h2>Att<br \/>\n s\u00e4lja spelprodukter \u00e4r inte samma sak som att s\u00e4lja mj\u00f6lk!<\/h2>\n<section class=\"twocol\">\n<div>Det har en baksida som f\u00f6retaget m\u00e5ste ta h\u00e4nsyn till f\u00f6r att skapa ett H\u00e5llbart f\u00f6retag. Spel ska vara ett n\u00f6je men tyv\u00e4rr s\u00e5 drabbas en del av spelproblem och kan ge allvarliga konsekvenser f\u00f6r individ och samh\u00e4lle.<\/p>\n<p>Genom att \u00f6ka kunskapen om spelproblem skapar vi en b\u00e4ttre plattform f\u00f6r att kunna l\u00e4ra oss hur man kan f\u00f6rebygga spelproblem.<\/p>\n<p>Idag har Spelbranschen en stor utmaning d\u00e5 f\u00f6rtroendet g\u00e5r ner. F\u00f6r ditt f\u00f6retag g\u00e4ller det att ha kontroll p\u00e5 alla processer och skapa h\u00e5llbara l\u00e5ngsiktiga relationer med kunderna.<\/p>\n<p>Steg ett \u00e4r att vara compliant med lagen och steg tv\u00e5 \u00e4r att best\u00e4mma p\u00e5 vilken ambitionsniv\u00e5 ditt f\u00f6retag vill vara.<\/p>\n<p>Med \u00f6ver 15 \u00e5rs erfarenhet fr\u00e5n att bygga och utveckla ansvarsfullt spelande \u00e4r vi \u00f6vertygade att vi har r\u00e4tt kompetens f\u00f6r att hj\u00e4lpa er med allt fr\u00e5n strategi, policy, nyckeltal, utbildning, forskningsbaserat spelansvar, omv\u00e4rldsanalys, kommunikation mm.<\/p>\n<\/div>\n<div>\n<blockquote><p>Ca 2 % har spelproblem och vissa spelformer har betydligt h\u00f6gre andel problemspelare och f\u00e4rre spelar v\u00e4rre i n\u00e4stan hela v\u00e4rlden<\/p><\/blockquote>\n<\/div>\n<\/section>\n<p>\u00a0<\/p>\n<h2>Vi hj\u00e4lper till att identifiera f\u00f6rb\u00e4ttringar<\/h2>\n<section class=\"twocol\">\n<div>\nStrand\u00e4nger &#038; Medvall erbjuder er hj\u00e4lp med att b\u00f6rja fr\u00e5n b\u00f6rjan med att g\u00f6ra en kartl\u00e4ggning \/ nul\u00e4gesanalys f\u00f6r att kunna identifiera eventuella gap eller ocks\u00e5 l\u00e4mna r\u00e5d till ert fortsatta arbete.<\/p>\n<p>Exempel p\u00e5 fr\u00e5gest\u00e4llningar <span class=\"bigger\">\u27a0<\/span>\n<\/div>\n<div class=\"bg-img\" style=\"background-image: linear-gradient(to bottom, rgba(255,255,255,0.9) 0%,rgba(255,255,255,0.9) 100%), url('http:\/\/strandangermedvall.se\/wp-content\/uploads\/SustainabilityGoodHealth.jpg');\">\n<ul>\n<li>Hur identifierar f\u00f6retaget riskspelande?<\/li>\n<li>Har medarbetarna aktuell utbildning i spelberoende och kan hantera sv\u00e5ra samtal?<\/li>\n<li>Hur ser era nyckeltal ut f\u00f6r uppf\u00f6ljning?<\/li>\n<li>Har ni processer p\u00e5 plats s\u00e5 att spelansvaret lever?<\/li>\n<\/ul>\n<\/div>\n<\/section>\n<p>\u00a0<\/p>\n<h2>Vi hj\u00e4lper till att utbilda spelbranschen och andra verksamheter<\/h2>\n<section class=\"twocol\">\n<div>\nStrand\u00e4nger &#038; Medvall erbjuder spelansvarsutbildningar anpassat f\u00f6r spelbranschen och andra verksamheter. Allt fr\u00e5n spel om pengar, datorspel till sk\u00e4rmberoende.<\/p>\n<p>Spelberoende \u00e4r klassat som en sjukdom sedan tidigare och nu ska datorspelsberoende klassas som en psykisk sjukdom enligt WHO.<\/p>\n<p>\u00c4r det sant att v\u00e5ra sk\u00e4rmar h\u00e5ller p\u00e5 att g\u00f6ra oss beroende? Dags att l\u00e4ra sig mer? Vi anpassar utbildningen efter behov!<\/p>\n<blockquote><p>I den nya spellagen och SpelInspektionens f\u00f6reskrifter ska de spelf\u00f6retag som f\u00e5r licens i Sverige genomf\u00f6ra en grundutbildning i spelansvar \/ spelproblem<\/p><\/blockquote>\n<p>Vi kan erbjuda en utbildning s\u00e5 att ni blir compliant till lagen.<\/p>\n<p>Exempel p\u00e5 inneh\u00e5ll <span class=\"bigger\">\u27a0<\/span>\n<\/div>\n<div class=\"bg-img\" style=\"background-image: linear-gradient(to bottom, rgba(255,255,255,0.9) 0%,rgba(255,255,255,0.9) 100%), url('http:\/\/strandangermedvall.se\/wp-content\/uploads\/SustainabilityQualityEducation.jpg');\">\n<ul>\n<li>Omv\u00e4rld\/Trender<\/li>\n<li>Relevant lagstiftning<\/li>\n<li>Identifiering\n<ul>\n<li>K\u00e4nnetecken och symptom p\u00e5 spelproblem<\/li>\n<li>F\u00f6rekomst av spelproblem och spelberoende<\/li>\n<li>Relationen mellan spelproblem, spelberoende och annat beroende<\/li>\n<li>F\u00f6rebygga spelproblem<\/li>\n<li>Riskgrupper och riskabla spel<\/li>\n<\/ul>\n<\/li>\n<li>Hur p\u00e5verkas anh\u00f6riga och samh\u00e4llet?<\/li>\n<li>Spelreklam och Marknadsf\u00f6ring<\/li>\n<li>Forskning\n<ul>\n<li>Risk- och Skyddsfaktorer<\/li>\n<\/ul>\n<\/li>\n<li>Unga och Spel<\/li>\n<li>Datorspel\/Sk\u00e4rmberoende<\/li>\n<li>St\u00f6d och hj\u00e4lp<\/li>\n<\/ul>\n<\/div>\n<\/section>\n","protected":false},"excerpt":{"rendered":"<h2>Att s\u00e4lja spelprodukter \u00e4r inte samma sak som att s\u00e4lja mj\u00f6lk!<\/h2>\n<section class=\"twocol\">\n<div>Det har en baksida som f\u00f6retaget m\u00e5ste ta h\u00e4nsyn till f\u00f6r att skapa ett H\u00e5llbart f\u00f6retag. Spel ska vara ett n\u00f6je men tyv\u00e4rr s\u00e5 drabbas en del av s&#8230;<\/p>\n","protected":false},"author":2,"featured_media":720,"parent":0,"menu_order":0,"comment_status":"closed","ping_status":"closed","template":"full-width.php","meta":{"_monsterinsights_skip_tracking":false,"_monsterinsights_sitenote_active":false,"_monsterinsights_sitenote_note":"","_monsterinsights_sitenote_category":0,"footnotes":""},"class_list":["post-231","page","type-page","status-publish","has-post-thumbnail","hentry"],"aioseo_notices":[],"_links":{"self":[{"href":"https:\/\/strandangermedvall.se\/sv_SE\/wp-json\/wp\/v2\/pages\/231","targetHints":{"allow":["GET"]}}],"collection":[{"href":"https:\/\/strandangermedvall.se\/sv_SE\/wp-json\/wp\/v2\/pages"}],"about":[{"href":"https:\/\/strandangermedvall.se\/sv_SE\/wp-json\/wp\/v2\/types\/page"}],"author":[{"embeddable":true,"href":"https:\/\/strandangermedvall.se\/sv_SE\/wp-json\/wp\/v2\/users\/2"}],"replies":[{"embeddable":true,"href":"https:\/\/strandangermedvall.se\/sv_SE\/wp-json\/wp\/v2\/comments?post=231"}],"version-history":[{"count":76,"href":"https:\/\/strandangermedvall.se\/sv_SE\/wp-json\/wp\/v2\/pages\/231\/revisions"}],"predecessor-version":[{"id":1147,"href":"https:\/\/strandangermedvall.se\/sv_SE\/wp-json\/wp\/v2\/pages\/231\/revisions\/1147"}],"wp:featuredmedia":[{"embeddable":true,"href":"https:\/\/strandangermedvall.se\/sv_SE\/wp-json\/wp\/v2\/media\/720"}],"wp:attachment":[{"href":"https:\/\/strandangermedvall.se\/sv_SE\/wp-json\/wp\/v2\/media?parent=231"}],"curies":[{"name":"wp","href":"https:\/\/api.w.org\/{rel}","templated":true}]}}