{"id":3,"date":"2018-11-02T14:48:27","date_gmt":"2018-11-02T13:48:27","guid":{"rendered":"http:\/\/localhost\/strandanger_medvall\/?page_id=3"},"modified":"2021-01-30T11:40:55","modified_gmt":"2021-01-30T10:40:55","slug":"integritetspolicy","status":"publish","type":"page","link":"https:\/\/strandangermedvall.se\/sv_SE\/integritetspolicy\/","title":{"rendered":"Integritetspolicy"},"content":{"rendered":"<h2>Vilka<br \/>\n vi \u00e4r<\/h2>\n<p>V\u00e5r webbplatsadress \u00e4r: <a href=\"http:\/\/www.strandangermedvall.se\">http:\/\/www.strandangermedvall.se<\/a><\/p>\n<h2>Vilka<br \/>\n personuppgifter vi samlar in och varf\u00f6r vi samlar in dem<\/h2>\n<h3>Kommentarer<\/h3>\n<p>N\u00e4r bes\u00f6kare l\u00e4mnar kommentarer p\u00e5 webbplatsen samlar vi in de uppgifter som visas i kommentarsformul\u00e4ret samt bes\u00f6karens ip-adress och user agent-str\u00e4ng som hj\u00e4lp f\u00f6r detektering av skr\u00e4pmeddelanden. En anonymiserad str\u00e4ng som skapats utifr\u00e5n din e-postadress (\u00e4ven kallat hash-v\u00e4rde) kan komma att s\u00e4ndas till tj\u00e4nsten Gravatar f\u00f6r att avg\u00f6ra om du finns registrerad d\u00e4r. Integritetspolicyn f\u00f6r tj\u00e4nsten Gravatar finns p\u00e5 https:\/\/automattic.com\/privacy\/. N\u00e4r din kommentar har godk\u00e4nts kommer din profilbild att visas publikt tillsammans med din kommentar.<\/p>\n<p>&nbsp;<\/p>\n<h3>Cookie-filer<\/h3>\n<p>Om du l\u00e4mnar en kommentar p\u00e5 v\u00e5r webbplats kan du v\u00e4lja att spara ditt namn, din e-postadress och webbplatsadress i cookie-filer. Detta \u00e4r f\u00f6r din bekv\u00e4mlighet f\u00f6r att du inte ska beh\u00f6va fylla i dessa uppgifter igen n\u00e4sta g\u00e5ng du skriver en kommentar. Dessa cookie-filer g\u00e4ller i ett \u00e5r.<\/p>\n<p>&nbsp;<\/p>\n<h3>Inb\u00e4ddad inneh\u00e5ll fr\u00e5n andra webbplatser<\/h3>\n<p>Artiklar p\u00e5 denna webbplats kan inneh\u00e5lla inb\u00e4ddat inneh\u00e5ll (exempelvis videoklipp, bilder, artiklar o.s.v.). Inb\u00e4ddat inneh\u00e5ll fr\u00e5n andra webbplatser beter sig precis p\u00e5 samma s\u00e4tt som om bes\u00f6karen har bes\u00f6kt den andra webbplatsen. Dessa webbplatser kan samla in uppgifter om dig, anv\u00e4nda cookie-filer, b\u00e4dda in ytterligare sp\u00e5rning fr\u00e5n tredje part och \u00f6vervaka din interaktion med sagda inb\u00e4ddade inneh\u00e5ll, inklusive sp\u00e5rning av din interaktion med detta inb\u00e4ddade inneh\u00e5ll om du har ett konto och \u00e4r inloggad p\u00e5 webbplatsen i fr\u00e5ga.<\/p>\n<p>&nbsp;<\/p>\n<h2>Hur l\u00e4nge vi beh\u00e5ller era uppgifter<\/h2>\n<p>Om du skriver en kommentar kommer kommentaren och dess metadata att sparas utan tidsgr\u00e4ns. Anledningen till detta \u00e4r att vi beh\u00f6ver kunna hitta och godk\u00e4nna uppf\u00f6ljningskommentarer automatiskt och inte l\u00e4gga dem i k\u00f6 f\u00f6r granskning.<\/p>\n<p>&nbsp;<\/p>\n<h2>Vilka<br \/>\n r\u00e4ttigheter du har \u00f6ver dina data<\/h2>\n<p>Om du har skrivit n\u00e5gra kommentarer p\u00e5 denna webbplats kan du beg\u00e4ra en exportfil med de personuppgifter vi har om dig, inklusive alla uppgifter du har gett oss. Du kan ocks\u00e5 beg\u00e4ra att vi tar bort alla personuppgifter vi har om dig. Detta omfattar inte eventuella uppgifter som vi \u00e4r tvungna att spara av administrativa, legala eller s\u00e4kerhets\u00e4ndam\u00e5l.<\/p>\n<p>&nbsp;<\/p>\n<h2>Vart vi skickar dina upgifter<\/h2>\n<p>Kommentarer fr\u00e5n bes\u00f6kare kanske kontrolleras via en automatiserad tj\u00e4nst f\u00f6r detektering av skr\u00e4ppost.<\/p>\n","protected":false},"excerpt":{"rendered":"<h2>Vilka vi \u00e4r<\/h2>\n<p class=\"qua-blog-post-description\">V\u00e5r webbplatsadress \u00e4r: <a href=\"http:\/\/www.strandangermedvall.se\">http:\/\/www.strandangermedvall.se<\/a><\/p>\n<h2>Vilka personuppgifter vi samlar in och varf\u00f6r vi samlar in dem<\/h2>\n<h3>Kommentarer<\/h3>\n<p class=\"qua-blog-post-description\">N\u00e4r bes\u00f6kare l\u00e4mnar kommenta&#8230;<\/p>\n","protected":false},"author":2,"featured_media":733,"parent":0,"menu_order":0,"comment_status":"closed","ping_status":"open","template":"","meta":{"_monsterinsights_skip_tracking":false,"_monsterinsights_sitenote_active":false,"_monsterinsights_sitenote_note":"","_monsterinsights_sitenote_category":0,"footnotes":""},"class_list":["post-3","page","type-page","status-publish","has-post-thumbnail","hentry"],"aioseo_notices":[],"_links":{"self":[{"href":"https:\/\/strandangermedvall.se\/sv_SE\/wp-json\/wp\/v2\/pages\/3","targetHints":{"allow":["GET"]}}],"collection":[{"href":"https:\/\/strandangermedvall.se\/sv_SE\/wp-json\/wp\/v2\/pages"}],"about":[{"href":"https:\/\/strandangermedvall.se\/sv_SE\/wp-json\/wp\/v2\/types\/page"}],"author":[{"embeddable":true,"href":"https:\/\/strandangermedvall.se\/sv_SE\/wp-json\/wp\/v2\/users\/2"}],"replies":[{"embeddable":true,"href":"https:\/\/strandangermedvall.se\/sv_SE\/wp-json\/wp\/v2\/comments?post=3"}],"version-history":[{"count":16,"href":"https:\/\/strandangermedvall.se\/sv_SE\/wp-json\/wp\/v2\/pages\/3\/revisions"}],"predecessor-version":[{"id":1497,"href":"https:\/\/strandangermedvall.se\/sv_SE\/wp-json\/wp\/v2\/pages\/3\/revisions\/1497"}],"wp:featuredmedia":[{"embeddable":true,"href":"https:\/\/strandangermedvall.se\/sv_SE\/wp-json\/wp\/v2\/media\/733"}],"wp:attachment":[{"href":"https:\/\/strandangermedvall.se\/sv_SE\/wp-json\/wp\/v2\/media?parent=3"}],"curies":[{"name":"wp","href":"https:\/\/api.w.org\/{rel}","templated":true}]}}